{"id":17,"date":"2018-09-18T09:05:39","date_gmt":"2018-09-18T09:05:39","guid":{"rendered":"https:\/\/atesarchitect.com\/?page_id=17"},"modified":"2026-03-04T12:59:18","modified_gmt":"2026-03-04T09:59:18","slug":"services","status":"publish","type":"page","link":"https:\/\/atesarchitect.com\/?page_id=17","title":{"rendered":""},"content":{"rendered":"\t\t<div data-elementor-type=\"wp-post\" data-elementor-id=\"17\" class=\"elementor elementor-17\">\n\t\t\t\t\t\t\t<div class=\"elementor-element elementor-element-5504955 e-flex e-con-boxed e-con e-parent\" data-id=\"5504955\" data-element_type=\"container\" data-settings=\"{&quot;content_width&quot;:&quot;boxed&quot;}\" data-core-v316-plus=\"true\">\n\t\t\t\t\t<div class=\"e-con-inner\">\n\t\t\t\t<div class=\"elementor-element elementor-element-b7a84a4 elementor-widget elementor-widget-sina_fancytext\" data-id=\"b7a84a4\" data-element_type=\"widget\" data-widget_type=\"sina_fancytext.default\">\n\t\t\t\t<div class=\"elementor-widget-container\">\n\t\t\t\t\t<div class=\"sina-fancytext\"\r\n\t\tdata-fancy-text=\"Mimari \u00c7\u00f6z\u00fcmler@@Konforlu Alanlar@@Ger\u00e7ek\u00e7i 3d Model &amp; Render@@Ruhsat Projeleri@@Tadilat \u0130mkan\u0131@@Ergonomik Alanlar@@Ekonomik Kararlar@@\"\r\n\t\tdata-anim=\"typing\"\r\n\t\tdata-speed=\"100\"\r\n\t\tdata-delay=\"1000\"\r\n\t\tdata-cursor=\"yes\"\r\n\t\tdata-loop=\"yes\">\r\n\t\t\t<h3>\r\n\t\t\t\t\t\t\t\t<span class=\"sina-fancytext-prefix\">\r\n\t\t\t\t\t\tAtes Architects\t\t\t\t\t<\/span>\r\n\t\t\t\t\t\t\t\t\t\t<span class=\"sina-fancytext-strings\">\r\n\t\t\t\t\t\tMimari \u00c7\u00f6z\u00fcmler\t\t\t\t\t<\/span>\r\n\t\t\t\t\t\t\t\t\t\t<span class=\"sina-fancytext-suffix\">\r\n\t\t\t\t\t\tSunar...\t\t\t\t\t<\/span>\r\n\t\t\t\t\t\t\t\t<\/h3>\r\n\t\t<\/div><!-- .sina-fancytext -->\r\n\t\t\t\t<\/div>\n\t\t\t\t<\/div>\n\t\t\t\t<div class=\"elementor-element elementor-element-22ccdf9 elementor-widget elementor-widget-heading\" data-id=\"22ccdf9\" data-element_type=\"widget\" data-widget_type=\"heading.default\">\n\t\t\t\t<div class=\"elementor-widget-container\">\n\t\t\t<style>\/*! elementor - v3.17.0 - 08-11-2023 *\/\n.elementor-heading-title{padding:0;margin:0;line-height:1}.elementor-widget-heading .elementor-heading-title[class*=elementor-size-]>a{color:inherit;font-size:inherit;line-height:inherit}.elementor-widget-heading .elementor-heading-title.elementor-size-small{font-size:15px}.elementor-widget-heading .elementor-heading-title.elementor-size-medium{font-size:19px}.elementor-widget-heading .elementor-heading-title.elementor-size-large{font-size:29px}.elementor-widget-heading .elementor-heading-title.elementor-size-xl{font-size:39px}.elementor-widget-heading .elementor-heading-title.elementor-size-xxl{font-size:59px}<\/style><h1 class=\"elementor-heading-title elementor-size-default\">Vizyonumuz<\/h1>\t\t<\/div>\n\t\t\t\t<\/div>\n\t\t\t\t<div class=\"elementor-element elementor-element-4400cac elementor-widget elementor-widget-heading\" data-id=\"4400cac\" data-element_type=\"widget\" data-widget_type=\"heading.default\">\n\t\t\t\t<div class=\"elementor-widget-container\">\n\t\t\t<h3 class=\"elementor-heading-title elementor-size-medium\">Hayallerinizdeki mekanlar\u0131 ger\u00e7e\u011fe d\u00f6n\u00fc\u015ft\u00fcrmek i\u00e7in buraday\u0131z! Mimarl\u0131k ve i\u00e7 mimarl\u0131k alan\u0131ndaki uzmanl\u0131\u011f\u0131m\u0131zla, m\u00fc\u015fteri memnuniyetini odak noktam\u0131za al\u0131yor ve projelerinizi sonuca odakl\u0131 bir \u015fekilde hayata ge\u00e7iriyoruz. Ger\u00e7ek\u00e7i kalitede 2D \u00e7izimlerden ba\u015flayarak, detayl\u0131 modeller ve etkileyici render \u00e7al\u0131\u015fmalar\u0131 ile tasar\u0131mlar\u0131n\u0131z\u0131 canland\u0131r\u0131yoruz.Sundu\u011fumuz hizmetler aras\u0131nda; benzersiz mimari tasar\u0131m fikirleri, i\u00e7 mimari konseptler, detayl\u0131 \u00e7izimler, \u00f6zel modeller, i\u00e7 mekan renderlar\u0131 ve anahtar teslim projeler yer al\u0131yor. Ruhsat projelerinden uygulama projelerine kadar her a\u015famada profesyonel destek sa\u011fl\u0131yoruz.\n\nBizimle \u00e7al\u0131\u015farak, mekanlar\u0131n\u0131z\u0131 daha i\u015flevsel ve estetik bir hale getirirken zamandan ve maliyetten tasarruf edebilirsiniz. Siz de hayallerinizdeki mekan\u0131 hayata ge\u00e7irmek ve projelerinizde ba\u015far\u0131ya ula\u015fmak i\u00e7in bize kat\u0131l\u0131n. Detayl\u0131 bilgi ve randevu i\u00e7in sitemizi ziyaret edin, birlikte projelerinize de\u011fer katman\u0131n keyfini \u00e7\u0131karal\u0131m.<\/h3>\t\t<\/div>\n\t\t\t\t<\/div>\n\t\t\t\t\t<\/div>\n\t\t\t\t<\/div>\n\t\t\t\t\t\t\t<\/div>\n\t\t","protected":false},"excerpt":{"rendered":"<p>Ates Architects Mimari \u00c7\u00f6z\u00fcmler Sunar&#8230; Vizyonumuz Hayallerinizdeki mekanlar\u0131 ger\u00e7e\u011fe d\u00f6n\u00fc\u015ft\u00fcrmek i\u00e7in buraday\u0131z! Mimarl\u0131k ve i\u00e7 mimarl\u0131k alan\u0131ndaki uzmanl\u0131\u011f\u0131m\u0131zla, m\u00fc\u015fteri memnuniyetini odak noktam\u0131za al\u0131yor ve projelerinizi sonuca odakl\u0131 bir \u015fekilde hayata ge\u00e7iriyoruz. Ger\u00e7ek\u00e7i kalitede 2D \u00e7izimlerden ba\u015flayarak, detayl\u0131 modeller ve etkileyici render \u00e7al\u0131\u015fmalar\u0131 ile tasar\u0131mlar\u0131n\u0131z\u0131 canland\u0131r\u0131yoruz.Sundu\u011fumuz hizmetler aras\u0131nda; benzersiz mimari tasar\u0131m fikirleri, i\u00e7 mimari konseptler, detayl\u0131 [&hellip;]<\/p>\n","protected":false},"author":1,"featured_media":0,"parent":0,"menu_order":0,"comment_status":"closed","ping_status":"closed","template":"","meta":{"saved_in_kubio":false,"om_disable_all_campaigns":false,"_uag_custom_page_level_css":"","_monsterinsights_skip_tracking":false,"_monsterinsights_sitenote_active":false,"_monsterinsights_sitenote_note":"","_monsterinsights_sitenote_category":0,"footnotes":""},"class_list":["post-17","page","type-page","status-publish","hentry"],"aioseo_notices":[],"kubio_ai_page_context":{"short_desc":"","purpose":"general"},"uagb_featured_image_src":{"full":false,"thumbnail":false,"medium":false,"medium_large":false,"large":false,"1536x1536":false,"2048x2048":false,"kubio-fullhd":false,"woocommerce_thumbnail":false,"woocommerce_single":false,"woocommerce_gallery_thumbnail":false},"uagb_author_info":{"display_name":"atesarchitect.com","author_link":"https:\/\/atesarchitect.com\/?author=1"},"uagb_comment_info":0,"uagb_excerpt":"Ates Architects Mimari \u00c7\u00f6z\u00fcmler Sunar&#8230; Vizyonumuz Hayallerinizdeki mekanlar\u0131 ger\u00e7e\u011fe d\u00f6n\u00fc\u015ft\u00fcrmek i\u00e7in buraday\u0131z! Mimarl\u0131k ve i\u00e7 mimarl\u0131k alan\u0131ndaki uzmanl\u0131\u011f\u0131m\u0131zla, m\u00fc\u015fteri memnuniyetini odak noktam\u0131za al\u0131yor ve projelerinizi sonuca odakl\u0131 bir \u015fekilde hayata ge\u00e7iriyoruz. Ger\u00e7ek\u00e7i kalitede 2D \u00e7izimlerden ba\u015flayarak, detayl\u0131 modeller ve etkileyici render \u00e7al\u0131\u015fmalar\u0131 ile tasar\u0131mlar\u0131n\u0131z\u0131 canland\u0131r\u0131yoruz.Sundu\u011fumuz hizmetler aras\u0131nda; benzersiz mimari tasar\u0131m fikirleri, i\u00e7 mimari konseptler, detayl\u0131&hellip;","_links":{"self":[{"href":"https:\/\/atesarchitect.com\/index.php?rest_route=\/wp\/v2\/pages\/17","targetHints":{"allow":["GET"]}}],"collection":[{"href":"https:\/\/atesarchitect.com\/index.php?rest_route=\/wp\/v2\/pages"}],"about":[{"href":"https:\/\/atesarchitect.com\/index.php?rest_route=\/wp\/v2\/types\/page"}],"author":[{"embeddable":true,"href":"https:\/\/atesarchitect.com\/index.php?rest_route=\/wp\/v2\/users\/1"}],"replies":[{"embeddable":true,"href":"https:\/\/atesarchitect.com\/index.php?rest_route=%2Fwp%2Fv2%2Fcomments&post=17"}],"version-history":[{"count":98,"href":"https:\/\/atesarchitect.com\/index.php?rest_route=\/wp\/v2\/pages\/17\/revisions"}],"predecessor-version":[{"id":2931,"href":"https:\/\/atesarchitect.com\/index.php?rest_route=\/wp\/v2\/pages\/17\/revisions\/2931"}],"wp:attachment":[{"href":"https:\/\/atesarchitect.com\/index.php?rest_route=%2Fwp%2Fv2%2Fmedia&parent=17"}],"curies":[{"name":"wp","href":"https:\/\/api.w.org\/{rel}","templated":true}]}}