{"id":773,"date":"2018-09-18T09:04:04","date_gmt":"2018-09-18T09:04:04","guid":{"rendered":"https:\/\/atesarchitect.com\/?page_id=773"},"modified":"2025-10-16T16:53:59","modified_gmt":"2025-10-16T13:53:59","slug":"testimonials","status":"publish","type":"page","link":"https:\/\/atesarchitect.com\/?page_id=773","title":{"rendered":"Hakk\u0131m\u0131zda"},"content":{"rendered":"\t\t<div data-elementor-type=\"wp-post\" data-elementor-id=\"773\" class=\"elementor elementor-773\">\n\t\t\t\t\t\t\t<div class=\"elementor-element elementor-element-c52e006 e-con-full e-flex e-con e-parent\" data-id=\"c52e006\" data-element_type=\"container\" data-settings=\"{&quot;content_width&quot;:&quot;full&quot;}\" data-core-v316-plus=\"true\">\n\t\t<div class=\"elementor-element elementor-element-20ae7d9 e-con-full e-flex e-con e-child\" data-id=\"20ae7d9\" data-element_type=\"container\" data-settings=\"{&quot;content_width&quot;:&quot;full&quot;}\">\n\t\t\t\t<div class=\"elementor-element elementor-element-2810350 elementor-widget__width-initial elementor-widget elementor-widget-sina_team\" data-id=\"2810350\" data-element_type=\"widget\" data-widget_type=\"sina_team.default\">\n\t\t\t\t<div class=\"elementor-widget-container\">\n\t\t\t\t\t<div class=\"sina-team sina-team-move\">\r\n\t\t\t\t\t\t\t\t\t\t\t\t<img decoding=\"async\" class=\"\" src=\"http:\/\/atesarchitect.com\/wp-content\/uploads\/2023\/12\/Adsiz-tasarim-5.jpg\" alt=\"\u0130BRAH\u0130M ATE\u015e\">\r\n\t\t\t\t\t\t\t\r\n\t\t\t<div class=\"sina-team-overlay sina-overlay\">\r\n\t\t\t\t\t\t\t\t\t<h5 class=\"sina-team-name\">\r\n\t\t\t\t\t\t\u0130BRAH\u0130M ATE\u015e\t\t\t\t\t<\/h5>\r\n\t\t\t\t\r\n\t\t\t\t\t\t\t\t\t<h6 class=\"sina-team-position\">\r\n\t\t\t\t\t\tKurucu Ortak & Mimar\t\t\t\t\t<\/h6>\r\n\t\t\t\t\r\n\t\t\t\t\r\n\t\t\t\t<ul class=\"sina-team-social\">\r\n\t\t\t\t\t\t\t\t\t\t\t<li class=\"elementor-repeater-item-9b8bc7a\">\r\n\t\t\t\t\t\t\t<a class=\"\"\r\n\t\t\t\t\t\t\t\thref=\"https:\/\/twitter.com\"\r\n\t\t\t\t\t\t\t\t\t\t\t\t\t\t>\r\n\t\t\t\t\t\t\t\t<i class=\"icofont icofont-instagram\"><\/i>\r\n\t\t\t\t\t\t\t<\/a>\r\n\t\t\t\t\t\t<\/li>\r\n\t\t\t\t\t\t\t\t\t\t\t<li class=\"elementor-repeater-item-ee5c013\">\r\n\t\t\t\t\t\t\t<a class=\"\"\r\n\t\t\t\t\t\t\t\thref=\"https:\/\/linkedin.com\"\r\n\t\t\t\t\t\t\t\t\t\t\t\t\t\t>\r\n\t\t\t\t\t\t\t\t<i class=\"fa fa-linkedin\"><\/i>\r\n\t\t\t\t\t\t\t<\/a>\r\n\t\t\t\t\t\t<\/li>\r\n\t\t\t\t\t\t\t\t\t<\/ul>\r\n\t\t\t<\/div>\r\n\t\t<\/div><!-- .sina-team -->\r\n\t\t\t\t<\/div>\n\t\t\t\t<\/div>\n\t\t\t\t<\/div>\n\t\t<div class=\"elementor-element elementor-element-c51b6c4 e-con-full e-flex e-con e-child\" data-id=\"c51b6c4\" data-element_type=\"container\" data-settings=\"{&quot;content_width&quot;:&quot;full&quot;}\">\n\t\t\t\t<div class=\"elementor-element elementor-element-8924475 elementor-widget elementor-widget-sina_content_box\" data-id=\"8924475\" data-element_type=\"widget\" data-widget_type=\"sina_content_box.default\">\n\t\t\t\t<div class=\"elementor-widget-container\">\n\t\t\t\t\t<div class=\"sina-content-box clearfix sina-content-box-zoom \">\r\n\r\n\t\t\t\r\n\t\t\t\r\n\t\t\t\t\t\t\t\t\r\n\t\t\t\t\t<div class=\"sina-content-box-content\">\r\n\t\t\t\t\t\t\t\t\t\t\t\t\t<h3 class=\"sina-content-box-title\">\r\n\t\t\t\t\t\t\t\t\t\t\t\t\t\t\t\t\t\u0130brahim ATE\u015e\t\t\t\t\t\t\t\t\t\t\t\t\t\t\t<\/h3>\r\n\t\t\t\t\t\t\r\n\t\t\t\t\t\t\t\t\t\t\t\t\t<div class=\"sina-content-box-desc\">Kurucu Ortak <\/div>\t\t\t\t\t\t\r\n\t\t\t\t\t\t\t\t\t\t\t<\/div>\r\n\t\t\t\t\t<\/div><!-- .sina-content-box -->\r\n\t\t\t\t<\/div>\n\t\t\t\t<\/div>\n\t\t\t\t<div class=\"elementor-element elementor-element-4549b43 elementor-widget elementor-widget-sina_content_box\" data-id=\"4549b43\" data-element_type=\"widget\" data-widget_type=\"sina_content_box.default\">\n\t\t\t\t<div class=\"elementor-widget-container\">\n\t\t\t\t\t<div class=\"sina-content-box clearfix sina-content-box-zoom \">\r\n\r\n\t\t\t\r\n\t\t\t\r\n\t\t\t\t\t\t\t\t\r\n\t\t\t\t\t<div class=\"sina-content-box-content\">\r\n\t\t\t\t\t\t\t\t\t\t\t\t\t<h3 class=\"sina-content-box-title\">\r\n\t\t\t\t\t\t\t\t\t\t\t\t\t\t\t\t\tMimar\t\t\t\t\t\t\t\t\t\t\t\t\t\t\t<\/h3>\r\n\t\t\t\t\t\t\r\n\t\t\t\t\t\t\r\n\t\t\t\t\t\t\t\t\t\t\t<\/div>\r\n\t\t\t\t\t<\/div><!-- .sina-content-box -->\r\n\t\t\t\t<\/div>\n\t\t\t\t<\/div>\n\t\t\t\t<div class=\"elementor-element elementor-element-950b143 elementor-drop-cap-yes elementor-drop-cap-view-default elementor-widget elementor-widget-text-editor\" data-id=\"950b143\" data-element_type=\"widget\" data-settings=\"{&quot;drop_cap&quot;:&quot;yes&quot;}\" data-widget_type=\"text-editor.default\">\n\t\t\t\t<div class=\"elementor-widget-container\">\n\t\t\t<style>\/*! elementor - v3.17.0 - 08-11-2023 *\/\n.elementor-widget-text-editor.elementor-drop-cap-view-stacked .elementor-drop-cap{background-color:#69727d;color:#fff}.elementor-widget-text-editor.elementor-drop-cap-view-framed .elementor-drop-cap{color:#69727d;border:3px solid;background-color:transparent}.elementor-widget-text-editor:not(.elementor-drop-cap-view-default) .elementor-drop-cap{margin-top:8px}.elementor-widget-text-editor:not(.elementor-drop-cap-view-default) .elementor-drop-cap-letter{width:1em;height:1em}.elementor-widget-text-editor .elementor-drop-cap{float:left;text-align:center;line-height:1;font-size:50px}.elementor-widget-text-editor .elementor-drop-cap-letter{display:inline-block}<\/style>\t\t\t\t<p style=\"text-align: left;\"><span style=\"font-family: 'book antiqua', palatino, serif;\">Ankara do\u011fumluyum. Lisans\u0131m\u0131 Edirne Trakya \u00dcniversitesinde 2021 Mimarl\u0131k B\u00f6l\u00fcm\u00fcnde tamamlad\u0131m.&nbsp; &nbsp; &nbsp; 4 y\u0131ll\u0131k mimar\u0131m.2021-2023 y\u0131llar\u0131 aras\u0131nda Nuho\u011flu \u0130n\u015faat\u0131nda kontrol mimar\u0131 olarak g\u00f6rev ald\u0131m, Atolye 74 Mimarl\u0131k ofisinde mimar olarak \u00e7al\u0131\u015fmaya devam ediyorum.<\/span><\/p>\n<p><span style=\"font-family: 'book antiqua', palatino, serif;\">Bunun d\u0131\u015f\u0131nda freelance olarak villa, i\u00e7 mimar projelerinde, otel projelerinde ve tadilat projelerinde mimarl\u0131k yapmaktay\u0131m. Ayn\u0131 zamanda \u00e7ok kez \u015fantiye \u015fefliklerinde g\u00f6rev ald\u0131m. Tescilli eser projelerinde B\u00f6lge K\u00fclt\u00fcr Koruma Varl\u0131klar\u0131na verilmek \u00fczere r\u00f6leve, restit\u00fcsyon ve restorasyon projeleri tamamlad\u0131m.<\/span><\/p>\n<p><span style=\"font-family: 'book antiqua', palatino, serif;\">Yeni yerler g\u00f6rmeyi,yap\u0131lar incelemeyi,k\u00fclt\u00fcrler ile i\u00e7 i\u00e7e olmay\u0131 ve vizyon dolu bir hayat ya\u015famay\u0131 ba\u015fl\u0131ca hedeflerim haline getirdim. Bu sebeple mesle\u011fim i\u00e7in faydal\u0131 oldu\u011funu d\u00fc\u015f\u00fcnd\u00fc\u011f\u00fcm bir \u00e7ok Avrupa \u00fclkesini gezdim ve \u00e7al\u0131\u015fmalar inceledim. Bunlardan baz\u0131lar\u0131; Almanya, Fransa, \u0130talya, Hollanda, Avusturya, \u00c7ekya, \u0130svi\u00e7re, Macaristan, Bel\u00e7ika&#8230;<\/span><\/p>\n<p><span style=\"font-family: 'book antiqua', palatino, serif;\">ATES Architect&#8217;i kurarken y\u0131llard\u0131r verdi\u011fimiz bu hizmetleri sizlere sunmak \u00fczere \u00e7al\u0131\u015fmaktay\u0131z.<\/span><\/p>\t\t\t\t\t\t<\/div>\n\t\t\t\t<\/div>\n\t\t\t\t<\/div>\n\t\t\t\t<\/div>\n\t\t<div class=\"elementor-element elementor-element-af87a51 e-con-full e-flex e-con e-parent\" data-id=\"af87a51\" data-element_type=\"container\" data-settings=\"{&quot;content_width&quot;:&quot;full&quot;}\" data-core-v316-plus=\"true\">\n\t\t<div class=\"elementor-element elementor-element-ba5efd4 e-con-full e-flex e-con e-child\" data-id=\"ba5efd4\" data-element_type=\"container\" data-settings=\"{&quot;content_width&quot;:&quot;full&quot;}\">\n\t\t\t\t<div class=\"elementor-element elementor-element-16fc5ab elementor-widget__width-initial elementor-widget elementor-widget-sina_team\" data-id=\"16fc5ab\" data-element_type=\"widget\" data-widget_type=\"sina_team.default\">\n\t\t\t\t<div class=\"elementor-widget-container\">\n\t\t\t\t\t<div class=\"sina-team sina-team-move\">\r\n\t\t\t\t\t\t\t\t\t\t\t\t<img decoding=\"async\" class=\"\" src=\"http:\/\/atesarchitect.com\/wp-content\/uploads\/2023\/12\/Adsiz-tasarim-4.jpg\" alt=\"Elif Selin ATE\u015e\">\r\n\t\t\t\t\t\t\t\r\n\t\t\t<div class=\"sina-team-overlay sina-overlay\">\r\n\t\t\t\t\t\t\t\t\t<h5 class=\"sina-team-name\">\r\n\t\t\t\t\t\tElif Selin ATE\u015e\t\t\t\t\t<\/h5>\r\n\t\t\t\t\r\n\t\t\t\t\t\t\t\t\t<h6 class=\"sina-team-position\">\r\n\t\t\t\t\t\tKurucu Ortak & Y.Mimar-\u0130\u00e7 Mimar\t\t\t\t\t<\/h6>\r\n\t\t\t\t\r\n\t\t\t\t\r\n\t\t\t\t<ul class=\"sina-team-social\">\r\n\t\t\t\t\t\t\t\t\t\t\t<li class=\"elementor-repeater-item-9b8bc7a\">\r\n\t\t\t\t\t\t\t<a class=\"\"\r\n\t\t\t\t\t\t\t\thref=\"https:\/\/twitter.com\"\r\n\t\t\t\t\t\t\t\t\t\t\t\t\t\t>\r\n\t\t\t\t\t\t\t\t<i class=\"icofont icofont-instagram\"><\/i>\r\n\t\t\t\t\t\t\t<\/a>\r\n\t\t\t\t\t\t<\/li>\r\n\t\t\t\t\t\t\t\t\t\t\t<li class=\"elementor-repeater-item-ee5c013\">\r\n\t\t\t\t\t\t\t<a class=\"\"\r\n\t\t\t\t\t\t\t\thref=\"https:\/\/linkedin.com\"\r\n\t\t\t\t\t\t\t\t\t\t\t\t\t\t>\r\n\t\t\t\t\t\t\t\t<i class=\"fa fa-linkedin\"><\/i>\r\n\t\t\t\t\t\t\t<\/a>\r\n\t\t\t\t\t\t<\/li>\r\n\t\t\t\t\t\t\t\t\t<\/ul>\r\n\t\t\t<\/div>\r\n\t\t<\/div><!-- .sina-team -->\r\n\t\t\t\t<\/div>\n\t\t\t\t<\/div>\n\t\t\t\t<\/div>\n\t\t<div class=\"elementor-element elementor-element-a20ba2f e-con-full e-flex e-con e-child\" data-id=\"a20ba2f\" data-element_type=\"container\" data-settings=\"{&quot;content_width&quot;:&quot;full&quot;}\">\n\t\t\t\t<div class=\"elementor-element elementor-element-8c7676a elementor-widget elementor-widget-sina_content_box\" data-id=\"8c7676a\" data-element_type=\"widget\" data-widget_type=\"sina_content_box.default\">\n\t\t\t\t<div class=\"elementor-widget-container\">\n\t\t\t\t\t<div class=\"sina-content-box clearfix sina-content-box-zoom \">\r\n\r\n\t\t\t\r\n\t\t\t\r\n\t\t\t\t\t\t\t\t\r\n\t\t\t\t\t<div class=\"sina-content-box-content\">\r\n\t\t\t\t\t\t\t\t\t\t\t\t\t<h3 class=\"sina-content-box-title\">\r\n\t\t\t\t\t\t\t\t\t\t\t\t\t\t\t\t\tElif Selin ATE\u015e\t\t\t\t\t\t\t\t\t\t\t\t\t\t\t<\/h3>\r\n\t\t\t\t\t\t\r\n\t\t\t\t\t\t\t\t\t\t\t\t\t<div class=\"sina-content-box-desc\">Kurucu Ortak <\/div>\t\t\t\t\t\t\r\n\t\t\t\t\t\t\t\t\t\t\t<\/div>\r\n\t\t\t\t\t<\/div><!-- .sina-content-box -->\r\n\t\t\t\t<\/div>\n\t\t\t\t<\/div>\n\t\t\t\t<div class=\"elementor-element elementor-element-a5df471 elementor-widget elementor-widget-sina_content_box\" data-id=\"a5df471\" data-element_type=\"widget\" data-widget_type=\"sina_content_box.default\">\n\t\t\t\t<div class=\"elementor-widget-container\">\n\t\t\t\t\t<div class=\"sina-content-box clearfix sina-content-box-zoom \">\r\n\r\n\t\t\t\r\n\t\t\t\r\n\t\t\t\t\t\t\t\t\r\n\t\t\t\t\t<div class=\"sina-content-box-content\">\r\n\t\t\t\t\t\t\t\t\t\t\t\t\t<h3 class=\"sina-content-box-title\">\r\n\t\t\t\t\t\t\t\t\t\t\t\t\t\t\t\t\tY\u00fcksek Mimar & \u0130\u00e7 Mimar\t\t\t\t\t\t\t\t\t\t\t\t\t\t\t<\/h3>\r\n\t\t\t\t\t\t\r\n\t\t\t\t\t\t\r\n\t\t\t\t\t\t\t\t\t\t\t<\/div>\r\n\t\t\t\t\t<\/div><!-- .sina-content-box -->\r\n\t\t\t\t<\/div>\n\t\t\t\t<\/div>\n\t\t\t\t<div class=\"elementor-element elementor-element-e8e3238 elementor-widget__width-initial elementor-drop-cap-yes elementor-drop-cap-view-default elementor-widget elementor-widget-text-editor\" data-id=\"e8e3238\" data-element_type=\"widget\" data-settings=\"{&quot;drop_cap&quot;:&quot;yes&quot;}\" data-widget_type=\"text-editor.default\">\n\t\t\t\t<div class=\"elementor-widget-container\">\n\t\t\t\t\t\t\t<p style=\"margin: 0cm 0cm 8pt; font-size: 11pt; font-family: Calibri, sans-serif; color: #000000;\"><span style=\"font-family: 'book antiqua', palatino, serif; font-size: 12pt;\">\u0130stanbul do\u011fumluyum. Lisans\u0131m\u0131 2018 y\u0131l\u0131nda \u0130stanbul Ticaret \u00dcniversitesi\u2019nde Mimarl\u0131k b\u00f6l\u00fcm\u00fcnde, ayn\u0131 \u00fcniversitede\u00a02022 y\u0131l\u0131nda \u0130\u00e7 mimarl\u0131k b\u00f6l\u00fcm\u00fcnde tezli y\u00fcksek lisans\u0131m\u0131 tamamlad\u0131m.\u00a0\u00a0Ayn\u0131 zamanda Bilkent \u00fcniversitesinde\u00a02 y\u0131l \u0130ngilizce haz\u0131rl\u0131k e\u011fitimi ald\u0131m. <\/span><br \/><span style=\"font-family: 'book antiqua', palatino, serif; font-size: 12pt;\">7 Y\u0131ll\u0131k Y\u00fcksek Mimar\u0131m. 2018-2025 y\u0131llar\u0131\u00a0aras\u0131nda AC Yap\u0131\u2019da Moment \u0130stanbul Konut Projesin\u2019de ,\u00a0Adnan Kazmao\u011flu Mimarl\u0131k Ara\u015ft\u0131rma\u00a0Merkezi\u2019nde , Achiteqt Dizayn ,Geometrie gibi gibi\u00a0hem yerli hem de yabanc\u0131 mimarl\u0131k firmalar\u0131nda mimar olarak i\u015f deneyimi ve \u00e7al\u0131\u015fmalar\u0131m oldu. Bunun d\u0131\u015f\u0131nda freelance olarak villa gibi konut projelerinde ve \u00e7e\u015fitli i\u00e7 mimari projelerde mimarl\u0131k yap\u0131yorum.\u00a0\u00a0<\/span><br \/><span style=\"font-family: 'book antiqua', palatino, serif; font-size: 12pt;\">\u0130stanbul Ticaret \u00fcniversitesi Fen Bilimleri Dergisi\u2019nde ve Dergipark\u2019ta yay\u0131nlanan\u00a0\u00a0\u2018\u0130\u00e7 Mekan Tasar\u0131m\u0131nda Renk ve Bi\u00e7imin Etkinli\u011fi \u2019 konulu bir makalem var.\u00a0\u00a0Y\u00f6k\u2018te de y\u00fcksek lisansta yazd\u0131\u011f\u0131m \u201c\u0130\u00e7 Mekan Tasar\u0131m\u0131nda Renklerin \u0130nsan Psikolojisine Etkisi\u201d konulu\u00a0tezim\u00a0mevcut.<\/span><\/p><p style=\"margin: 0cm 0cm 8pt; font-size: 11pt; font-family: Calibri, sans-serif; color: #000000;\"><span style=\"font-family: 'book antiqua', palatino, serif;\">Biz m\u00fc\u015fteri odakl\u0131 yakla\u015f\u0131m\u0131 ve kaliteli hizmet anlay\u0131\u015f\u0131yla \u00f6ne \u00e7\u0131kan bir ekibiz. Sizi de Ate\u015f Mimarl\u0131\u011f\u0131n ayr\u0131cal\u0131kl\u0131 d\u00fcnyas\u0131na davet ediyoruz.<\/span><\/p>\t\t\t\t\t\t<\/div>\n\t\t\t\t<\/div>\n\t\t\t\t<\/div>\n\t\t\t\t<\/div>\n\t\t\t\t\t\t\t<\/div>\n\t\t","protected":false},"excerpt":{"rendered":"<p>\u0130BRAH\u0130M ATE\u015e Kurucu Ortak &#038; Mimar \u0130brahim ATE\u015e Kurucu Ortak Mimar Ankara do\u011fumluyum. Lisans\u0131m\u0131 Edirne Trakya \u00dcniversitesinde 2021 Mimarl\u0131k B\u00f6l\u00fcm\u00fcnde tamamlad\u0131m.&nbsp; &nbsp; &nbsp; 4 y\u0131ll\u0131k mimar\u0131m.2021-2023 y\u0131llar\u0131 aras\u0131nda Nuho\u011flu \u0130n\u015faat\u0131nda kontrol mimar\u0131 olarak g\u00f6rev ald\u0131m, Atolye 74 Mimarl\u0131k ofisinde mimar olarak \u00e7al\u0131\u015fmaya devam ediyorum. Bunun d\u0131\u015f\u0131nda freelance olarak villa, i\u00e7 mimar projelerinde, otel projelerinde ve [&hellip;]<\/p>\n","protected":false},"author":1,"featured_media":0,"parent":0,"menu_order":0,"comment_status":"closed","ping_status":"closed","template":"","meta":{"saved_in_kubio":false,"om_disable_all_campaigns":false,"_uag_custom_page_level_css":"","_monsterinsights_skip_tracking":false,"_monsterinsights_sitenote_active":false,"_monsterinsights_sitenote_note":"","_monsterinsights_sitenote_category":0,"footnotes":""},"class_list":["post-773","page","type-page","status-publish","hentry"],"aioseo_notices":[],"kubio_ai_page_context":{"short_desc":"","purpose":"general"},"uagb_featured_image_src":{"full":false,"thumbnail":false,"medium":false,"medium_large":false,"large":false,"1536x1536":false,"2048x2048":false,"kubio-fullhd":false,"woocommerce_thumbnail":false,"woocommerce_single":false,"woocommerce_gallery_thumbnail":false},"uagb_author_info":{"display_name":"atesarchitect.com","author_link":"https:\/\/atesarchitect.com\/?author=1"},"uagb_comment_info":0,"uagb_excerpt":"\u0130BRAH\u0130M ATE\u015e Kurucu Ortak &#038; Mimar \u0130brahim ATE\u015e Kurucu Ortak Mimar Ankara do\u011fumluyum. Lisans\u0131m\u0131 Edirne Trakya \u00dcniversitesinde 2021 Mimarl\u0131k B\u00f6l\u00fcm\u00fcnde tamamlad\u0131m.&nbsp; &nbsp; &nbsp; 4 y\u0131ll\u0131k mimar\u0131m.2021-2023 y\u0131llar\u0131 aras\u0131nda Nuho\u011flu \u0130n\u015faat\u0131nda kontrol mimar\u0131 olarak g\u00f6rev ald\u0131m, Atolye 74 Mimarl\u0131k ofisinde mimar olarak \u00e7al\u0131\u015fmaya devam ediyorum. Bunun d\u0131\u015f\u0131nda freelance olarak villa, i\u00e7 mimar projelerinde, otel projelerinde ve&hellip;","_links":{"self":[{"href":"https:\/\/atesarchitect.com\/index.php?rest_route=\/wp\/v2\/pages\/773","targetHints":{"allow":["GET"]}}],"collection":[{"href":"https:\/\/atesarchitect.com\/index.php?rest_route=\/wp\/v2\/pages"}],"about":[{"href":"https:\/\/atesarchitect.com\/index.php?rest_route=\/wp\/v2\/types\/page"}],"author":[{"embeddable":true,"href":"https:\/\/atesarchitect.com\/index.php?rest_route=\/wp\/v2\/users\/1"}],"replies":[{"embeddable":true,"href":"https:\/\/atesarchitect.com\/index.php?rest_route=%2Fwp%2Fv2%2Fcomments&post=773"}],"version-history":[{"count":143,"href":"https:\/\/atesarchitect.com\/index.php?rest_route=\/wp\/v2\/pages\/773\/revisions"}],"predecessor-version":[{"id":2656,"href":"https:\/\/atesarchitect.com\/index.php?rest_route=\/wp\/v2\/pages\/773\/revisions\/2656"}],"wp:attachment":[{"href":"https:\/\/atesarchitect.com\/index.php?rest_route=%2Fwp%2Fv2%2Fmedia&parent=773"}],"curies":[{"name":"wp","href":"https:\/\/api.w.org\/{rel}","templated":true}]}}